{"id":15,"date":"2007-01-10T09:26:12","date_gmt":"2007-01-10T09:26:12","guid":{"rendered":"http:\/\/rettungsdienst-wesseling.de\/?p=15"},"modified":"2007-01-10T09:26:12","modified_gmt":"2007-01-10T09:26:12","slug":"willkommen-bei-der-feuerwehr-wesseling","status":"publish","type":"page","link":"https:\/\/feuerwehr-wesseling.de\/?page_id=15","title":{"rendered":"Willkommen bei der Feuerwehr Wesseling"},"content":{"rendered":"<div style=\"text-align: center;\">&nbsp;<\/div>\n<div style=\"text-align: center;\">&nbsp;<\/div>\n<div style=\"text-align: center;\">&#8222;Die Stadt Wesseling unterh\u00e4lt den \u00f6rtlichen Verh\u00e4ltnissen entsprechend eine leistungsf\u00e4hige Feuerwehr, um Schadenfeuer zu bek\u00e4mpfen sowie bei Ungl\u00fccksf\u00e4llen und bei solchen \u00f6ffentlichen Notst\u00e4nden Hilfe zu leisten, die durch Naturereignisse, Explosionen oder \u00e4hnliche Vorkommnisse verursacht werden.&#8220;<\/div>\n<div style=\"text-align: center;\">\n<div>\n<div style=\"text-align: left;\">\n<\/div>\n<div><strong>Die Stadt Wesseling verf\u00fcgt \u00fcber eine Feuer- und &nbsp;Rettungswache, die&nbsp;24 Stunden von hauptamtlichen Kr\u00e4ften &#8211; Feuerwehrbeamten &#8211;&nbsp;besetzt ist. Diese Beamten im&nbsp;feuerwehrtechnischen Dienst&nbsp;sind f\u00fcr den Rettungsdienst, technische Hilfeleistungen&nbsp;und den&nbsp;abwehrenden Brandschutz kleineren Umfangs zust\u00e4ndig. <\/strong>Der abwehrende Brandschutz wird&nbsp;dar\u00fcber hinaus durch die ehrenamtlichen Kr\u00e4fte der L\u00f6schz\u00fcge Berzdorf, Urfeld und Wesseling sichergestellt.<\/p>\n<\/div><\/div>\n<\/p><\/div>\n<p>Bei der Freiwilligen Feuerwehr Wesseling sind insgesamt 177 haupt- und ehrenamtliche Feuerwehrfrauen und -m\u00e4nner (Stand Januar 2017)&nbsp;aktiv. Diese stellen den Brandschutz f\u00fcr insgesamt 37.891 Einwohner (Stand 12\/2017) der Stadt Wesseling sicher, die insgesamt eine Fl\u00e4che von 23,13 km\u00b2 umfa\u00dft.<\/p>\n<p>Die Stadt Wesseling ist von der Struktur her eine Industrie-Stadt, wo gro\u00dfe Werke wie Basell, Evonik Industries und die Shell Rheinland Raffinerie angesiedelt sind. Den Gro\u00dfteil der Fl\u00e4che von Wesseling bilden aber die eher l\u00e4ndlichen Gebiete in den Ortsteilen Berzdorf, Keldenich und Urfeld.<\/p>\n<p>Aus feuerwehrtechnischer Sicht sind auch die gro\u00dfen Verkehrswege, wie die Autobahn BAB 555 als&nbsp;Verbindungsstrasse zwischen K\u00f6ln und Bonn, und der Rheinstrom, der&nbsp;sich 5 km&nbsp;an der&nbsp;\u00f6stlichen Seite von Wesseling erstreckt, als weitere Arbeitsschwerpunkte anzusehen.<\/p>\n<h3 style=\"text-align: center;\">&nbsp;<\/h3>\n<h3 style=\"text-align: center;\">Freiwillig, und doch professionell<\/h3>\n<p>&nbsp;<\/p>\n<h3 style=\"text-align: center;\"><em>Retten &#8211; L\u00f6schen &#8211; Bergen &#8211; Sch\u00fctzen<\/em><\/h3>\n<p><em>&nbsp;<\/em><\/p>\n<p>&nbsp;<\/p>\n<div>&nbsp;<\/div>\n","protected":false},"excerpt":{"rendered":"<p>&nbsp; &nbsp; &#8222;Die Stadt Wesseling unterh\u00e4lt den \u00f6rtlichen Verh\u00e4ltnissen entsprechend eine leistungsf\u00e4hige Feuerwehr, um Schadenfeuer zu bek\u00e4mpfen sowie bei Ungl\u00fccksf\u00e4llen und bei solchen \u00f6ffentlichen Notst\u00e4nden Hilfe zu leisten, die durch &#8230; <a title=\"Willkommen bei der Feuerwehr Wesseling\" class=\"read-more\" href=\"https:\/\/feuerwehr-wesseling.de\/?page_id=15\" aria-label=\"Mehr Informationen \u00fcber Willkommen bei der Feuerwehr Wesseling\">Weiterlesen<\/a><\/p>\n","protected":false},"author":1,"featured_media":0,"parent":0,"menu_order":2,"comment_status":"closed","ping_status":"open","template":"","meta":{"_price":"","_stock":"","_tribe_ticket_header":"","_tribe_default_ticket_provider":"","_ticket_start_date":"","_ticket_end_date":"","_tribe_ticket_show_description":"","_tribe_ticket_show_not_going":false,"_tribe_ticket_use_global_stock":"","_tribe_ticket_global_stock_level":"","_global_stock_mode":"","_global_stock_cap":"","_tribe_rsvp_for_event":"","_tribe_ticket_going_count":"","_tribe_ticket_not_going_count":"","_tribe_tickets_list":"[]","_tribe_ticket_has_attendee_info_fields":false,"footnotes":"","_tec_slr_enabled":"","_tec_slr_layout":""},"categories":[9],"tags":[],"class_list":["post-15","page","type-page","status-publish","category-allgemein"],"ticketed":false,"_links":{"self":[{"href":"https:\/\/feuerwehr-wesseling.de\/index.php?rest_route=\/wp\/v2\/pages\/15","targetHints":{"allow":["GET"]}}],"collection":[{"href":"https:\/\/feuerwehr-wesseling.de\/index.php?rest_route=\/wp\/v2\/pages"}],"about":[{"href":"https:\/\/feuerwehr-wesseling.de\/index.php?rest_route=\/wp\/v2\/types\/page"}],"author":[{"embeddable":true,"href":"https:\/\/feuerwehr-wesseling.de\/index.php?rest_route=\/wp\/v2\/users\/1"}],"replies":[{"embeddable":true,"href":"https:\/\/feuerwehr-wesseling.de\/index.php?rest_route=%2Fwp%2Fv2%2Fcomments&post=15"}],"version-history":[{"count":0,"href":"https:\/\/feuerwehr-wesseling.de\/index.php?rest_route=\/wp\/v2\/pages\/15\/revisions"}],"wp:attachment":[{"href":"https:\/\/feuerwehr-wesseling.de\/index.php?rest_route=%2Fwp%2Fv2%2Fmedia&parent=15"}],"wp:term":[{"taxonomy":"category","embeddable":true,"href":"https:\/\/feuerwehr-wesseling.de\/index.php?rest_route=%2Fwp%2Fv2%2Fcategories&post=15"},{"taxonomy":"post_tag","embeddable":true,"href":"https:\/\/feuerwehr-wesseling.de\/index.php?rest_route=%2Fwp%2Fv2%2Ftags&post=15"}],"curies":[{"name":"wp","href":"https:\/\/api.w.org\/{rel}","templated":true}]}}