{"id":1953,"date":"2020-08-21T08:01:59","date_gmt":"2020-08-21T08:01:59","guid":{"rendered":"http:\/\/rettungsdienst-wesseling.de\/?page_id=1953"},"modified":"2020-08-21T08:12:19","modified_gmt":"2020-08-21T08:12:19","slug":"anmeldung-atemschutzstrecke","status":"publish","type":"page","link":"https:\/\/feuerwehr-wesseling.de\/?page_id=1953","title":{"rendered":"Anmeldung Atemschutzstrecke"},"content":{"rendered":"\n<p>Anmeldung f\u00fcr Gruppen zur Benutzung der Atemschutz\u00fcbungstrecke der Feuer- und Rettungswache der Feuerwehr Wesseling.<br><br>Sie k\u00f6nnen die Termine in unserem Kalender einsehen. Sollte der gew\u00fcnschte Termin frei sein, k\u00f6nnen Sie diesen \u00fcber das Formular reservieren. Unser Mitarbeiter wird Ihnen den Termin best\u00e4tigen und sich mit Ihnen in Verbindung setzen, falls von unserer Seite noch Fragen auftreten. <br><br>Die Email geht an mehrere Mitarbeiter, sollten Sie eine Abwesenheitsnotiz per Mail erhalten darf ich Sie bitten diese zu ignorieren. Die Termine werden nach Eingangsdatum bearbeitet und vergeben.<\/p>\n\n\n\n<div class=\"everest-forms\"><div class=\"evf-container default\" id=\"evf-1823\"><form id=\"evf-form-1823\" class=\"everest-form\" data-formid=\"1823\" data-ajax_submission=\"0\" data-keyboard_friendly_form=\"0\" data-form_state_type=\"\" method=\"post\" enctype=\"multipart\/form-data\" action=\"\/index.php?rest_route=%2Fwp%2Fv2%2Fpages%2F1953\"><div class=\"evf-field-container\"><input type=\"hidden\" id=\"_wpnonce1823\" name=\"_wpnonce1823\" value=\"ef22941a67\" \/><input type=\"hidden\" name=\"_wp_http_referer\" value=\"\/index.php?rest_route=%2Fwp%2Fv2%2Fpages%2F1953\" \/><div class=\"evf-frontend-row\" data-row=\"row_1\" conditional_rules=\"[]\"><div class=\"evf-frontend-grid evf-grid-1\" data-grid=\"grid_1\"><div id=\"evf-1823-field_lVizlNhYus-1-container\" class=\"evf-field evf-field-text form-row validate-required\" data-required-field-message=\"This field is required.\" data-field-id=\"lVizlNhYus-1\"><label class=\"evf-field-label\" for=\"evf-1823-field_lVizlNhYus-1\"><span class=\"evf-label\">Name der Einrichtung<\/span> <abbr class=\"required\" title=\"Required\">*<\/abbr><\/label><input type=\"text\" id=\"evf-1823-field_lVizlNhYus-1\" class=\"input-text\" name=\"everest_forms[form_fields][lVizlNhYus-1]\" required><\/div><div id=\"evf-1823-field_XYnMdkQDKM-3-container\" class=\"evf-field evf-field-email form-row validate-required validate-email\" data-required-field-message=\"Please enter a valid email address.\" data-field-id=\"XYnMdkQDKM-3\"><label class=\"evf-field-label\" for=\"evf-1823-field_XYnMdkQDKM-3\"><span class=\"evf-label\">Email<\/span> <abbr class=\"required\" title=\"Required\">*<\/abbr><\/label><input type=\"email\" id=\"evf-1823-field_XYnMdkQDKM-3\" class=\"input-text\" name=\"everest_forms[form_fields][XYnMdkQDKM-3]\" required ><\/div><div id=\"evf-1823-field_cy1SFPloC1-12-container\" class=\"evf-field evf-field-text form-row validate-required\" data-required-field-message=\"This field is required.\" data-field-id=\"cy1SFPloC1-12\"><label class=\"evf-field-label\" for=\"evf-1823-field_cy1SFPloC1-12\"><span class=\"evf-label\">Rufnummer f\u00fcr R\u00fcckfragen <\/span> <abbr class=\"required\" title=\"Required\">*<\/abbr><\/label><input type=\"text\" id=\"evf-1823-field_cy1SFPloC1-12\" class=\"input-text\" name=\"everest_forms[form_fields][cy1SFPloC1-12]\" required><\/div><div id=\"evf-1823-field_hREHpLRQu2-9-container\" class=\"evf-field evf-field-date-time form-row validate-required\" data-required-field-message=\"This field is required.\" data-field-id=\"hREHpLRQu2-9\"><label class=\"evf-field-label\" for=\"evf-1823-field_hREHpLRQu2-9\"><span class=\"evf-label\">Datum<\/span> <abbr class=\"required\" title=\"Required\">*<\/abbr><\/label><input type=\"text\" id=\"evf-1823-field_hREHpLRQu2-9\" class=\"flatpickr-field input-text\" name=\"everest_forms[form_fields][hREHpLRQu2-9]\" data-time-interval=\"15\" data-date-time=\"date\" data-mode=\"single\" data-locale=\"en\" data-date-format=\"Y-m-d\" required ><\/div><div id=\"evf-1823-field_MK25HXn8xP-10-container\" class=\"evf-field evf-field-date-time form-row validate-required\" data-required-field-message=\"This field is required.\" data-field-id=\"MK25HXn8xP-10\"><label class=\"evf-field-label\" for=\"evf-1823-field_MK25HXn8xP-10\"><span class=\"evf-label\">Uhrzeit<\/span> <abbr class=\"required\" title=\"Required\">*<\/abbr><\/label><input type=\"text\" id=\"evf-1823-field_MK25HXn8xP-10\" class=\"flatpickr-field input-text\" name=\"everest_forms[form_fields][MK25HXn8xP-10]\" data-time-interval=\"15\" data-date-time=\"time\" data-date-format=\"H:i\" required ><\/div><div id=\"evf-1823-field_k42AwqL5ij-11-container\" class=\"evf-field evf-field-checkbox form-row validate-required\" data-required-field-message=\"This field is required.\" data-field-id=\"k42AwqL5ij-11\"><label class=\"evf-field-label\" for=\"evf-1823-field_k42AwqL5ij-11\"><span class=\"evf-label\">Atemschutzger\u00e4tewart vorhanden <\/span> <abbr class=\"required\" title=\"Required\">*<\/abbr><\/label><ul id=\"evf-1823-field_k42AwqL5ij-11\" class=\" evf-field-required\"><li class=\"choice-1 depth-1\"><input type=\"checkbox\" id=\"evf-1823-field_k42AwqL5ij-11_1\" class=\"input-text\" name=\"everest_forms[form_fields][k42AwqL5ij-11][]\" value=\"Ja\" required ><label class=\"everest-forms-field-label-inline\" for=\"evf-1823-field_k42AwqL5ij-11_1\">Ja<\/label><\/li><li class=\"choice-2 depth-1\"><input type=\"checkbox\" id=\"evf-1823-field_k42AwqL5ij-11_2\" class=\"input-text\" name=\"everest_forms[form_fields][k42AwqL5ij-11][]\" value=\"Nein\" required ><label class=\"everest-forms-field-label-inline\" for=\"evf-1823-field_k42AwqL5ij-11_2\">Nein<\/label><\/li><\/ul><\/div><div id=\"evf-1823-field_YalaPcQ0DO-4-container\" class=\"evf-field evf-field-textarea form-row\" data-field-id=\"YalaPcQ0DO-4\"><label class=\"evf-field-label\" for=\"evf-1823-field_YalaPcQ0DO-4\"><span class=\"evf-label\">Bemerkung<\/span> <\/label><textarea id=\"evf-1823-field_YalaPcQ0DO-4\" class=\"input-text\" name=\"everest_forms[form_fields][YalaPcQ0DO-4]\" placeholder=\"Tell us more about your issue.\"  ><\/textarea><\/div><\/div><\/div><\/div><div class=\"evf-honeypot-container evf-field-hp\"><label for=\"evf-1823-field-hp\" class=\"evf-field-label\">Website<\/label><input type=\"text\" name=\"everest_forms[hp]\" id=\"evf-1823-field-hp\" class=\"input-text\"><\/div><div class=\"evf-submit-container \" ><input type=\"hidden\" name=\"everest_forms[id]\" value=\"1823\"><input type=\"hidden\" name=\"everest_forms[author]\" value=\"1\"><button type='submit' name='everest_forms[submit]' class='everest-forms-submit-button button evf-submit ' id='evf-submit-1823' value='evf-submit' data-process-text=\"In Bearbeitung\" conditional_rules='&quot;&quot;' conditional_id='evf-submit-1823'  id=\"evf-submit-1823\" aria-live=\"assertive\">Absenden<\/button><\/div><\/form><\/div><!-- .evf-container --><\/div>\n","protected":false},"excerpt":{"rendered":"<p>Anmeldung f\u00fcr Gruppen zur Benutzung der Atemschutz\u00fcbungstrecke der Feuer- und Rettungswache der Feuerwehr Wesseling. Sie k\u00f6nnen die Termine in unserem Kalender einsehen. Sollte der gew\u00fcnschte Termin frei sein, k\u00f6nnen Sie &#8230; <a title=\"Anmeldung Atemschutzstrecke\" class=\"read-more\" href=\"https:\/\/feuerwehr-wesseling.de\/?page_id=1953\" aria-label=\"Mehr Informationen \u00fcber Anmeldung Atemschutzstrecke\">Weiterlesen<\/a><\/p>\n","protected":false},"author":1,"featured_media":0,"parent":0,"menu_order":0,"comment_status":"closed","ping_status":"closed","template":"","meta":{"_price":"","_stock":"","_tribe_ticket_header":"","_tribe_default_ticket_provider":"","_ticket_start_date":"","_ticket_end_date":"","_tribe_ticket_show_description":"","_tribe_ticket_show_not_going":false,"_tribe_ticket_use_global_stock":"","_tribe_ticket_global_stock_level":"","_global_stock_mode":"","_global_stock_cap":"","_tribe_rsvp_for_event":"","_tribe_ticket_going_count":"","_tribe_ticket_not_going_count":"","_tribe_tickets_list":"[]","_tribe_ticket_has_attendee_info_fields":false,"footnotes":"","_tec_slr_enabled":"","_tec_slr_layout":""},"categories":[],"tags":[],"class_list":["post-1953","page","type-page","status-publish"],"ticketed":false,"_links":{"self":[{"href":"https:\/\/feuerwehr-wesseling.de\/index.php?rest_route=\/wp\/v2\/pages\/1953","targetHints":{"allow":["GET"]}}],"collection":[{"href":"https:\/\/feuerwehr-wesseling.de\/index.php?rest_route=\/wp\/v2\/pages"}],"about":[{"href":"https:\/\/feuerwehr-wesseling.de\/index.php?rest_route=\/wp\/v2\/types\/page"}],"author":[{"embeddable":true,"href":"https:\/\/feuerwehr-wesseling.de\/index.php?rest_route=\/wp\/v2\/users\/1"}],"replies":[{"embeddable":true,"href":"https:\/\/feuerwehr-wesseling.de\/index.php?rest_route=%2Fwp%2Fv2%2Fcomments&post=1953"}],"version-history":[{"count":2,"href":"https:\/\/feuerwehr-wesseling.de\/index.php?rest_route=\/wp\/v2\/pages\/1953\/revisions"}],"predecessor-version":[{"id":1957,"href":"https:\/\/feuerwehr-wesseling.de\/index.php?rest_route=\/wp\/v2\/pages\/1953\/revisions\/1957"}],"wp:attachment":[{"href":"https:\/\/feuerwehr-wesseling.de\/index.php?rest_route=%2Fwp%2Fv2%2Fmedia&parent=1953"}],"wp:term":[{"taxonomy":"category","embeddable":true,"href":"https:\/\/feuerwehr-wesseling.de\/index.php?rest_route=%2Fwp%2Fv2%2Fcategories&post=1953"},{"taxonomy":"post_tag","embeddable":true,"href":"https:\/\/feuerwehr-wesseling.de\/index.php?rest_route=%2Fwp%2Fv2%2Ftags&post=1953"}],"curies":[{"name":"wp","href":"https:\/\/api.w.org\/{rel}","templated":true}]}}