{"id":1959,"date":"2020-08-21T09:16:25","date_gmt":"2020-08-21T09:16:25","guid":{"rendered":"http:\/\/rettungsdienst-wesseling.de\/?page_id=1959"},"modified":"2022-05-23T12:33:39","modified_gmt":"2022-05-23T12:33:39","slug":"anmeldung-fuer-besuchergruppen","status":"publish","type":"page","link":"https:\/\/feuerwehr-wesseling.de\/?page_id=1959","title":{"rendered":"Anmeldung f\u00fcr Besuchergruppen"},"content":{"rendered":"\r\n<p>Anmeldung f\u00fcr Gruppen zum Besuch der Feuer- und Rettungswache der Feuerwehr Wesseling .<br \/><br \/>Der Besuch bei der Feuerwehr ist f\u00fcr Kindertageseinrichtungen und Kinderg\u00e4rten aus dem Stadtgebiet Wesseling gedacht. Die Kinder erleben die Feuerwehr in ca. 2 Stunden hautnah, von der Brandschutzerziehung bis zur Fahrt in einem Feuerwehrauto. <br \/><br \/>Sie k\u00f6nnen die Termine in unserem Terminkalender einsehen. Sollte der gew\u00fcnschte Termin frei sein, k\u00f6nnen Sie diesen \u00fcber das Formular reservieren. Unser Mitarbeiter wird Ihnen den Termin best\u00e4tigen und sich mit Ihnen in Verbindung setzen, falls von unserer Seite noch Fragen auftreten. <br \/><br \/><strong>Bitte haben Sie Verst\u00e4ndnis daf\u00fcr, dass ein Besuch der Feuer- und Rettungswache nur Mittwochs Vormittags von 10:00 Uhr bis 12:00 Uhr f\u00fcr <span style=\"color: #ff0000;\">eine Gruppe<\/span> m\u00f6glich ist. Die Termine werden nach Eingangsdatum bearbeitet und vergeben.<\/strong><\/p>\r\n\r\n\r\n\r\n<p>&nbsp;<\/p>\r\n\r\n\r\n\r\n<div class=\"everest-forms\"><div class=\"evf-container default\" id=\"evf-1958\"><form id=\"evf-form-1958\" class=\"everest-form\" data-formid=\"1958\" data-ajax_submission=\"0\" data-keyboard_friendly_form=\"0\" data-form_state_type=\"\" method=\"post\" enctype=\"multipart\/form-data\" action=\"\/index.php?rest_route=%2Fwp%2Fv2%2Fpages%2F1959\"><div class=\"evf-field-container\"><input type=\"hidden\" id=\"_wpnonce1958\" name=\"_wpnonce1958\" value=\"ef22941a67\" \/><input type=\"hidden\" name=\"_wp_http_referer\" value=\"\/index.php?rest_route=%2Fwp%2Fv2%2Fpages%2F1959\" \/><div class=\"evf-frontend-row\" data-row=\"row_1\" conditional_rules=\"[]\"><div class=\"evf-frontend-grid evf-grid-1\" data-grid=\"grid_1\"><div id=\"evf-1958-field_lVizlNhYus-1-container\" class=\"evf-field evf-field-text form-row validate-required\" data-required-field-message=\"This field is required.\" data-field-id=\"lVizlNhYus-1\"><label class=\"evf-field-label\" for=\"evf-1958-field_lVizlNhYus-1\"><span class=\"evf-label\">Name der Einrichtung<\/span> <abbr class=\"required\" title=\"Required\">*<\/abbr><\/label><input type=\"text\" id=\"evf-1958-field_lVizlNhYus-1\" class=\"input-text\" name=\"everest_forms[form_fields][lVizlNhYus-1]\" required><\/div><div id=\"evf-1958-field_XYnMdkQDKM-3-container\" class=\"evf-field evf-field-email form-row validate-required validate-email\" data-required-field-message=\"Please enter a valid email address.\" data-field-id=\"XYnMdkQDKM-3\"><label class=\"evf-field-label\" for=\"evf-1958-field_XYnMdkQDKM-3\"><span class=\"evf-label\">Email<\/span> <abbr class=\"required\" title=\"Required\">*<\/abbr><\/label><input type=\"email\" id=\"evf-1958-field_XYnMdkQDKM-3\" class=\"input-text\" name=\"everest_forms[form_fields][XYnMdkQDKM-3]\" required ><\/div><div id=\"evf-1958-field_cy1SFPloC1-12-container\" class=\"evf-field evf-field-text form-row validate-required\" data-required-field-message=\"This field is required.\" data-field-id=\"cy1SFPloC1-12\"><label class=\"evf-field-label\" for=\"evf-1958-field_cy1SFPloC1-12\"><span class=\"evf-label\">Rufnummer f\u00fcr R\u00fcckfragen<\/span> <abbr class=\"required\" title=\"Required\">*<\/abbr><\/label><input type=\"text\" id=\"evf-1958-field_cy1SFPloC1-12\" class=\"input-text\" name=\"everest_forms[form_fields][cy1SFPloC1-12]\" required><\/div><div id=\"evf-1958-field_hREHpLRQu2-9-container\" class=\"evf-field evf-field-date-time form-row validate-required\" data-required-field-message=\"This field is required.\" data-field-id=\"hREHpLRQu2-9\"><label class=\"evf-field-label\" for=\"evf-1958-field_hREHpLRQu2-9\"><span class=\"evf-label\">Datum<\/span> <abbr class=\"required\" title=\"Required\">*<\/abbr><\/label><input type=\"text\" id=\"evf-1958-field_hREHpLRQu2-9\" class=\"flatpickr-field input-text\" name=\"everest_forms[form_fields][hREHpLRQu2-9]\" data-time-interval=\"15\" data-date-time=\"date\" data-mode=\"single\" data-locale=\"en\" data-date-format=\"Y-m-d\" required ><\/div><div id=\"evf-1958-field_YalaPcQ0DO-4-container\" class=\"evf-field evf-field-textarea form-row\" data-field-id=\"YalaPcQ0DO-4\"><label class=\"evf-field-label\" for=\"evf-1958-field_YalaPcQ0DO-4\"><span class=\"evf-label\">Bemerkung<\/span> <\/label><textarea id=\"evf-1958-field_YalaPcQ0DO-4\" class=\"input-text\" name=\"everest_forms[form_fields][YalaPcQ0DO-4]\" placeholder=\"Tell us more about your issue.\"  ><\/textarea><\/div><\/div><\/div><\/div><div class=\"evf-honeypot-container evf-field-hp\"><label for=\"evf-1958-field-hp\" class=\"evf-field-label\">Message<\/label><input type=\"text\" name=\"everest_forms[hp]\" id=\"evf-1958-field-hp\" class=\"input-text\"><\/div><div class=\"evf-submit-container \" ><input type=\"hidden\" name=\"everest_forms[id]\" value=\"1958\"><input type=\"hidden\" name=\"everest_forms[author]\" value=\"1\"><button type='submit' name='everest_forms[submit]' class='everest-forms-submit-button button evf-submit ' id='evf-submit-1958' value='evf-submit' data-process-text=\"In Bearbeitung\" conditional_rules='&quot;&quot;' conditional_id='evf-submit-1958'  id=\"evf-submit-1958\" aria-live=\"assertive\">Absenden<\/button><\/div><\/form><\/div><!-- .evf-container --><\/div>\r\n","protected":false},"excerpt":{"rendered":"<p>Anmeldung f\u00fcr Gruppen zum Besuch der Feuer- und Rettungswache der Feuerwehr Wesseling . Der Besuch bei der Feuerwehr ist f\u00fcr Kindertageseinrichtungen und Kinderg\u00e4rten aus dem Stadtgebiet Wesseling gedacht. Die Kinder &#8230; <a title=\"Anmeldung f\u00fcr Besuchergruppen\" class=\"read-more\" href=\"https:\/\/feuerwehr-wesseling.de\/?page_id=1959\" aria-label=\"Mehr Informationen \u00fcber Anmeldung f\u00fcr Besuchergruppen\">Weiterlesen<\/a><\/p>\n","protected":false},"author":1,"featured_media":0,"parent":0,"menu_order":0,"comment_status":"closed","ping_status":"closed","template":"","meta":{"_price":"","_stock":"","_tribe_ticket_header":"","_tribe_default_ticket_provider":"","_ticket_start_date":"","_ticket_end_date":"","_tribe_ticket_show_description":"","_tribe_ticket_show_not_going":false,"_tribe_ticket_use_global_stock":"","_tribe_ticket_global_stock_level":"","_global_stock_mode":"","_global_stock_cap":"","_tribe_rsvp_for_event":"","_tribe_ticket_going_count":"","_tribe_ticket_not_going_count":"","_tribe_tickets_list":"[]","_tribe_ticket_has_attendee_info_fields":false,"footnotes":"","_tec_slr_enabled":"","_tec_slr_layout":""},"categories":[],"tags":[],"class_list":["post-1959","page","type-page","status-publish"],"ticketed":false,"_links":{"self":[{"href":"https:\/\/feuerwehr-wesseling.de\/index.php?rest_route=\/wp\/v2\/pages\/1959","targetHints":{"allow":["GET"]}}],"collection":[{"href":"https:\/\/feuerwehr-wesseling.de\/index.php?rest_route=\/wp\/v2\/pages"}],"about":[{"href":"https:\/\/feuerwehr-wesseling.de\/index.php?rest_route=\/wp\/v2\/types\/page"}],"author":[{"embeddable":true,"href":"https:\/\/feuerwehr-wesseling.de\/index.php?rest_route=\/wp\/v2\/users\/1"}],"replies":[{"embeddable":true,"href":"https:\/\/feuerwehr-wesseling.de\/index.php?rest_route=%2Fwp%2Fv2%2Fcomments&post=1959"}],"version-history":[{"count":3,"href":"https:\/\/feuerwehr-wesseling.de\/index.php?rest_route=\/wp\/v2\/pages\/1959\/revisions"}],"predecessor-version":[{"id":2690,"href":"https:\/\/feuerwehr-wesseling.de\/index.php?rest_route=\/wp\/v2\/pages\/1959\/revisions\/2690"}],"wp:attachment":[{"href":"https:\/\/feuerwehr-wesseling.de\/index.php?rest_route=%2Fwp%2Fv2%2Fmedia&parent=1959"}],"wp:term":[{"taxonomy":"category","embeddable":true,"href":"https:\/\/feuerwehr-wesseling.de\/index.php?rest_route=%2Fwp%2Fv2%2Fcategories&post=1959"},{"taxonomy":"post_tag","embeddable":true,"href":"https:\/\/feuerwehr-wesseling.de\/index.php?rest_route=%2Fwp%2Fv2%2Ftags&post=1959"}],"curies":[{"name":"wp","href":"https:\/\/api.w.org\/{rel}","templated":true}]}}