{"id":3656,"date":"2026-01-03T13:23:19","date_gmt":"2026-01-03T13:23:19","guid":{"rendered":"https:\/\/feuerwehr-wesseling.de\/?page_id=3656"},"modified":"2026-01-03T13:23:19","modified_gmt":"2026-01-03T13:23:19","slug":"datenschutzerklaerung","status":"publish","type":"page","link":"https:\/\/feuerwehr-wesseling.de\/?page_id=3656","title":{"rendered":"Datenschutzerkl\u00e4rung"},"content":{"rendered":"<p><strong>Datenschutzerkl\u00e4rung<br \/>\n<\/strong><br \/>\n1. Datenschutz auf einen Blick<\/p>\n<p>Allgemeine Hinweise<br \/>\nDie folgenden Hinweise geben einen einfachen \u00dcberblick dar\u00fcber, was mit Ihren personenbezogenen Daten<br \/>\npassiert, wenn Sie diese Website besuchen. Personenbezogene Daten sind alle Daten, mit denen Sie<br \/>\npers\u00f6nlich identifiziert werden k\u00f6nnen. Ausf\u00fchrliche Informationen zum Thema Datenschutz entnehmen<br \/>\nSie unserer unter diesem Text aufgef\u00fchrten Datenschutzerkl\u00e4rung.<br \/>\nDatenerfassung auf dieser Website<br \/>\nWer ist verantwortlich f\u00fcr die Datenerfassung auf dieser Website?<br \/>\nDie Datenverarbeitung auf dieser Website erfolgt durch den Websitebetreiber. Dessen Kontaktdaten<br \/>\nk\u00f6nnen Sie dem Abschnitt \u201eHinweis zur Verantwortlichen Stelle\u201c in dieser Datenschutzerkl\u00e4rung entnehmen.<br \/>\nWie erfassen wir Ihre Daten?<br \/>\nIhre Daten werden zum einen dadurch erhoben, dass Sie uns diese mitteilen. Hierbei kann es sich z. B. um<br \/>\nDaten handeln, die Sie in ein Kontaktformular eingeben.<br \/>\nAndere Daten werden automatisch oder nach Ihrer Einwilligung beim Besuch der Website durch unsere IT-<br \/>\nSysteme erfasst. Das sind vor allem technische Daten (z. B. Internetbrowser, Betriebssystem oder Uhrzeit<br \/>\ndes Seitenaufrufs). Die Erfassung dieser Daten erfolgt automatisch, sobald Sie diese Website betreten.<br \/>\nWof\u00fcr nutzen wir Ihre Daten?<br \/>\nEin Teil der Daten wird erhoben, um eine fehlerfreie Bereitstellung der Website zu gew\u00e4hrleisten. Andere<br \/>\nDaten k\u00f6nnen zur Analyse Ihres Nutzerverhaltens verwendet werden. Sofern \u00fcber die Website Vertr\u00e4ge<br \/>\ngeschlossen oder angebahnt werden k\u00f6nnen, werden die \u00fcbermittelten Daten auch f\u00fcr Vertragsangebote,<br \/>\nBestellungen oder sonstige Auftragsanfragen verarbeitet.<br \/>\nWelche Rechte haben Sie bez\u00fcglich Ihrer Daten?<br \/>\nSie haben jederzeit das Recht, unentgeltlich Auskunft \u00fcber Herkunft, Empf\u00e4nger und Zweck Ihrer<br \/>\ngespeicherten personenbezogenen Daten zu erhalten. Sie haben au\u00dferdem ein Recht, die Berichtigung oder<br \/>\nL\u00f6schung dieser Daten zu verlangen. Wenn Sie eine Einwilligung zur Datenverarbeitung erteilt haben,<br \/>\nk\u00f6nnen Sie diese Einwilligung jederzeit f\u00fcr die Zukunft widerrufen. Au\u00dferdem haben Sie das Recht, unter<br \/>\nbestimmten Umst\u00e4nden die Einschr\u00e4nkung der Verarbeitung Ihrer personenbezogenen Daten zu verlangen.<br \/>\nDes Weiteren steht Ihnen ein Beschwerderecht bei der zust\u00e4ndigen Aufsichtsbeh\u00f6rde zu.<br \/>\nHierzu sowie zu weiteren Fragen zum Thema Datenschutz k\u00f6nnen Sie sich jederzeit an uns wenden.<br \/>\nAnalyse-Tools und Tools von Drittanbietern<br \/>\nBeim Besuch dieser Website kann Ihr Surf-Verhalten statistisch ausgewertet werden. Das geschieht vor<br \/>\nallem mit sogenannten Analyseprogrammen.<br \/>\nDetaillierte Informationen zu diesen Analyseprogrammen finden Sie in der folgenden<br \/>\nDatenschutzerkl\u00e4rung.<\/p>\n<p>2. Hosting<\/p>\n<p>Wir hosten die Inhalte unserer Website bei folgendem Anbieter:<br \/>\nStrato<\/p>\n<p>Anbieter ist die Strato AG, Otto-Ostrowski-Stra\u00dfe 7, 10249 Berlin (nachfolgend \u201eStrato\u201c). Wenn Sie unsere<br \/>\nWebsite besuchen, erfasst Strato verschiedene Logfiles inklusive Ihrer IP-Adressen.<br \/>\nWeitere Informationen entnehmen Sie der Datenschutzerkl\u00e4rung von Strato:<br \/>\nhttps:\/\/www.strato.de\/datenschutz\/.<\/p>\n<p>Die Verwendung von Strato erfolgt auf Grundlage von Art. 6 Abs. 1 lit. f DSGVO. Wir haben ein berechtigtes<br \/>\nInteresse an einer m\u00f6glichst zuverl\u00e4ssigen Darstellung unserer Website. Sofern eine entsprechende<br \/>\nEinwilligung abgefragt wurde, erfolgt die Verarbeitung ausschlie\u00dflich auf Grundlage von Art. 6 Abs. 1 lit. a<br \/>\nDSGVO und \u00a7 25 Abs. 1 TDDDG, soweit die Einwilligung die Speicherung von Cookies oder den Zugriff auf<br \/>\nInformationen im Endger\u00e4t des Nutzers (z. B. Device-Fingerprinting) im Sinne des TDDDG umfasst. Die<br \/>\nEinwilligung ist jederzeit widerrufbar.<\/p>\n<p>3. Allgemeine Hinweise und Pflichtinformationen<\/p>\n<p>Datenschutz<br \/>\nDie Betreiber dieser Seiten nehmen den Schutz Ihrer pers\u00f6nlichen Daten sehr ernst. Wir behandeln Ihre<br \/>\npersonenbezogenen Daten vertraulich und entsprechend den gesetzlichen Datenschutzvorschriften sowie<br \/>\ndieser Datenschutzerkl\u00e4rung.<br \/>\nWenn Sie diese Website benutzen, werden verschiedene personenbezogene Daten erhoben.<br \/>\nPersonenbezogene Daten sind Daten, mit denen Sie pers\u00f6nlich identifiziert werden k\u00f6nnen. Die vorliegende<br \/>\nDatenschutzerkl\u00e4rung erl\u00e4utert, welche Daten wir erheben und wof\u00fcr wir sie nutzen. Sie erl\u00e4utert auch, wie<br \/>\nund zu welchem Zweck das geschieht.<br \/>\nWir weisen darauf hin, dass die Daten\u00fcbertragung im Internet (z. B. bei der Kommunikation per E-Mail)<br \/>\nSicherheitsl\u00fccken aufweisen kann. Ein l\u00fcckenloser Schutz der Daten vor dem Zugriff durch Dritte ist nicht<br \/>\nm\u00f6glich.<br \/>\nHinweis zur verantwortlichen Stelle<br \/>\nDie verantwortliche Stelle f\u00fcr die Datenverarbeitung auf dieser Website ist:<br \/>\nLeitung der Freiwilligen Feuerwehr Wesseling<br \/>\nKronenweg 49<br \/>\n50389 Wesseling<br \/>\nTelefon: 02236 94400<br \/>\nE-Mail: info@feuerwehr-wesseling.de<br \/>\nVerantwortliche Stelle ist die nat\u00fcrliche oder juristische Person, die allein oder gemeinsam mit anderen \u00fcber<br \/>\ndie Zwecke und Mittel der Verarbeitung von personenbezogenen Daten (z. B. Namen, E-Mail-Adressen o. \u00c4.)<br \/>\nentscheidet.<br \/>\nSpeicherdauer<br \/>\nSoweit innerhalb dieser Datenschutzerkl\u00e4rung keine speziellere Speicherdauer genannt wurde, verbleiben<br \/>\nIhre personenbezogenen Daten bei uns, bis der Zweck f\u00fcr die Datenverarbeitung entf\u00e4llt. Wenn Sie ein<br \/>\nberechtigtes L\u00f6schersuchen geltend machen oder eine Einwilligung zur Datenverarbeitung widerrufen,<br \/>\nwerden Ihre Daten gel\u00f6scht, sofern wir keine anderen rechtlich zul\u00e4ssigen Gr\u00fcnde f\u00fcr die Speicherung Ihrer<br \/>\npersonenbezogenen Daten haben (z. B. steuer- oder handelsrechtliche Aufbewahrungsfristen); im<br \/>\nletztgenannten Fall erfolgt die L\u00f6schung nach Fortfall dieser Gr\u00fcnde.<br \/>\nAllgemeine Hinweise zu den Rechtsgrundlagen der Datenverarbeitung auf dieser<br \/>\nWebsite<br \/>\nSofern Sie in die Datenverarbeitung eingewilligt haben, verarbeiten wir Ihre personenbezogenen Daten auf<br \/>\nGrundlage von Art. 6 Abs. 1 lit. a DSGVO bzw. Art. 9 Abs. 2 lit. a DSGVO, sofern besondere Datenkategorien<br \/>\nnach Art. 9 Abs. 1 DSGVO verarbeitet werden. Im Falle einer ausdr\u00fccklichen Einwilligung in die \u00dcbertragung<br \/>\npersonenbezogener Daten in Drittstaaten erfolgt die Datenverarbeitung au\u00dferdem auf Grundlage von Art.<br \/>\n49 Abs. 1 lit. a DSGVO. Sofern Sie in die Speicherung von Cookies oder in den Zugriff auf Informationen in<br \/>\nIhr Endger\u00e4t (z. B. via Device-Fingerprinting) eingewilligt haben, erfolgt die Datenverarbeitung zus\u00e4tzlich<br \/>\nauf Grundlage von \u00a7 25 Abs. 1 TDDDG. Die Einwilligung ist jederzeit widerrufbar. Sind Ihre Daten zur<br \/>\nVertragserf\u00fcllung oder zur Durchf\u00fchrung vorvertraglicher Ma\u00dfnahmen erforderlich, verarbeiten wir Ihre<br \/>\nDaten auf Grundlage des Art. 6 Abs. 1 lit. b DSGVO. Des Weiteren verarbeiten wir Ihre Daten, sofern diese<br \/>\nzur Erf\u00fcllung einer rechtlichen Verpflichtung erforderlich sind auf Grundlage von Art. 6 Abs. 1 lit. c DSGVO.<br \/>\nDie Datenverarbeitung kann ferner auf Grundlage unseres berechtigten Interesses nach Art. 6 Abs. 1 lit. f<br \/>\nDSGVO erfolgen. \u00dcber die jeweils im Einzelfall einschl\u00e4gigen Rechtsgrundlagen wird in den folgenden<br \/>\nAbs\u00e4tzen dieser Datenschutzerkl\u00e4rung informiert.<br \/>\nEmpf\u00e4nger von personenbezogenen Daten<br \/>\nIm Rahmen unserer Gesch\u00e4ftst\u00e4tigkeit arbeiten wir mit verschiedenen externen Stellen zusammen. Dabei<br \/>\nist teilweise auch eine \u00dcbermittlung von personenbezogenen Daten an diese externen Stellen erforderlich.<br \/>\nWir geben personenbezogene Daten nur dann an externe Stellen weiter, wenn dies im Rahmen einer<br \/>\nVertragserf\u00fcllung erforderlich ist, wenn wir gesetzlich hierzu verpflichtet sind (z. B. Weitergabe von Daten<br \/>\nan Steuerbeh\u00f6rden), wenn wir ein berechtigtes Interesse nach Art. 6 Abs. 1 lit. f DSGVO an der Weitergabe<br \/>\nhaben oder wenn eine sonstige Rechtsgrundlage die Datenweitergabe erlaubt. Beim Einsatz von<br \/>\nAuftragsverarbeitern geben wir personenbezogene Daten unserer Kunden nur auf Grundlage eines g\u00fcltigen<br \/>\nVertrags \u00fcber Auftragsverarbeitung weiter. Im Falle einer gemeinsamen Verarbeitung wird ein Vertrag \u00fcber<br \/>\ngemeinsame Verarbeitung geschlossen.<br \/>\nWiderruf Ihrer Einwilligung zur Datenverarbeitung<br \/>\nViele Datenverarbeitungsvorg\u00e4nge sind nur mit Ihrer ausdr\u00fccklichen Einwilligung m\u00f6glich. Sie k\u00f6nnen eine<br \/>\nbereits erteilte Einwilligung jederzeit widerrufen. Die Rechtm\u00e4\u00dfigkeit der bis zum Widerruf erfolgten<br \/>\nDatenverarbeitung bleibt vom Widerruf unber\u00fchrt.<br \/>\nWiderspruchsrecht gegen die Datenerhebung in besonderen F\u00e4llen sowie gegen<br \/>\nDirektwerbung (Art. 21 DSGVO)<br \/>\nWENN DIE DATENVERARBEITUNG AUF GRUNDLAGE VON ART. 6 ABS. 1 LIT. E ODER F DSGVO<br \/>\nERFOLGT, HABEN SIE JEDERZEIT DAS RECHT, AUS GR\u00dcNDEN, DIE SICH AUS IHRER BESONDEREN<br \/>\nSITUATION ERGEBEN, GEGEN DIE VERARBEITUNG IHRER PERSONENBEZOGENEN DATEN<br \/>\nWIDERSPRUCH EINZULEGEN; DIES GILT AUCH F\u00dcR EIN AUF DIESE BESTIMMUNGEN GEST\u00dcTZTES<br \/>\nPROFILING. DIE JEWEILIGE RECHTSGRUNDLAGE, AUF DENEN EINE VERARBEITUNG BERUHT,<br \/>\nENTNEHMEN SIE DIESER DATENSCHUTZERKL\u00c4RUNG. WENN SIE WIDERSPRUCH EINLEGEN,<br \/>\nWERDEN WIR IHRE BETROFFENEN PERSONENBEZOGENEN DATEN NICHT MEHR VERARBEITEN, ES<br \/>\nSEI DENN, WIR K\u00d6NNEN ZWINGENDE SCHUTZW\u00dcRDIGE GR\u00dcNDE F\u00dcR DIE VERARBEITUNG<br \/>\nNACHWEISEN, DIE IHRE INTERESSEN, RECHTE UND FREIHEITEN \u00dcBERWIEGEN ODER DIE<br \/>\nVERARBEITUNG DIENT DER GELTENDMACHUNG, AUS\u00dcBUNG ODER VERTEIDIGUNG VON<br \/>\nRECHTSANSPR\u00dcCHEN (WIDERSPRUCH NACH ART. 21 ABS. 1 DSGVO).<br \/>\nWERDEN IHRE PERSONENBEZOGENEN DATEN VERARBEITET, UM DIREKTWERBUNG ZU BETREIBEN,<br \/>\nSO HABEN SIE DAS RECHT, JEDERZEIT WIDERSPRUCH GEGEN DIE VERARBEITUNG SIE<br \/>\nBETREFFENDER PERSONENBEZOGENER DATEN ZUM ZWECKE DERARTIGER WERBUNG<br \/>\nEINZULEGEN; DIES GILT AUCH F\u00dcR DAS PROFILING, SOWEIT ES MIT SOLCHER DIREKTWERBUNG IN<br \/>\nVERBINDUNG STEHT. WENN SIE WIDERSPRECHEN, WERDEN IHRE PERSONENBEZOGENEN DATEN<br \/>\nANSCHLIESSEND NICHT MEHR ZUM ZWECKE DER DIREKTWERBUNG VERWENDET (WIDERSPRUCH<br \/>\nNACH ART. 21 ABS. 2 DSGVO).<br \/>\nBeschwerderecht bei der zust\u00e4ndigen Aufsichtsbeh\u00f6rde<br \/>\nIm Falle von Verst\u00f6\u00dfen gegen die DSGVO steht den Betroffenen ein Beschwerderecht bei einer<br \/>\nAufsichtsbeh\u00f6rde, insbesondere in dem Mitgliedstaat ihres gew\u00f6hnlichen Aufenthalts, ihres Arbeitsplatzes<br \/>\noder des Orts des mutma\u00dflichen Versto\u00dfes zu. Das Beschwerderecht besteht unbeschadet anderweitiger<br \/>\nverwaltungsrechtlicher oder gerichtlicher Rechtsbehelfe.<br \/>\nRecht auf Daten\u00fcbertragbarkeit<br \/>\nSie haben das Recht, Daten, die wir auf Grundlage Ihrer Einwilligung oder in Erf\u00fcllung eines Vertrags<br \/>\nautomatisiert verarbeiten, an sich oder an einen Dritten in einem g\u00e4ngigen, maschinenlesbaren Format<br \/>\naush\u00e4ndigen zu lassen. Sofern Sie die direkte \u00dcbertragung der Daten an einen anderen Verantwortlichen<br \/>\nverlangen, erfolgt dies nur, soweit es technisch machbar ist.<br \/>\nAuskunft, Berichtigung und L\u00f6schung<br \/>\nSie haben im Rahmen der geltenden gesetzlichen Bestimmungen jederzeit das Recht auf unentgeltliche<br \/>\nAuskunft \u00fcber Ihre gespeicherten personenbezogenen Daten, deren Herkunft und Empf\u00e4nger und den<br \/>\nZweck der Datenverarbeitung und ggf. ein Recht auf Berichtigung oder L\u00f6schung dieser Daten. Hierzu sowie<br \/>\nzu weiteren Fragen zum Thema personenbezogene Daten k\u00f6nnen Sie sich jederzeit an uns wenden.<br \/>\nRecht auf Einschr\u00e4nkung der Verarbeitung<br \/>\nSie haben das Recht, die Einschr\u00e4nkung der Verarbeitung Ihrer personenbezogenen Daten zu verlangen.<br \/>\nHierzu k\u00f6nnen Sie sich jederzeit an uns wenden. Das Recht auf Einschr\u00e4nkung der Verarbeitung besteht in<br \/>\nfolgenden F\u00e4llen:<br \/>\nWenn Sie die Richtigkeit Ihrer bei uns gespeicherten personenbezogenen Daten bestreiten, ben\u00f6tigen wir<br \/>\nin der Regel Zeit, um dies zu \u00fcberpr\u00fcfen. F\u00fcr die Dauer der Pr\u00fcfung haben Sie das Recht, die<br \/>\nEinschr\u00e4nkung der Verarbeitung Ihrer personenbezogenen Daten zu verlangen.<br \/>\nWenn die Verarbeitung Ihrer personenbezogenen Daten unrechtm\u00e4\u00dfig geschah\/geschieht, k\u00f6nnen Sie<br \/>\nstatt der L\u00f6schung die Einschr\u00e4nkung der Datenverarbeitung verlangen.<br \/>\nWenn wir Ihre personenbezogenen Daten nicht mehr ben\u00f6tigen, Sie sie jedoch zur Aus\u00fcbung,<br \/>\nVerteidigung oder Geltendmachung von Rechtsanspr\u00fcchen ben\u00f6tigen, haben Sie das Recht, statt der<br \/>\nL\u00f6schung die Einschr\u00e4nkung der Verarbeitung Ihrer personenbezogenen Daten zu verlangen.<br \/>\nWenn Sie einen Widerspruch nach Art. 21 Abs. 1 DSGVO eingelegt haben, muss eine Abw\u00e4gung zwischen<br \/>\nIhren und unseren Interessen vorgenommen werden. Solange noch nicht feststeht, wessen Interessen<br \/>\n\u00fcberwiegen, haben Sie das Recht, die Einschr\u00e4nkung der Verarbeitung Ihrer personenbezogenen Daten<br \/>\nzu verlangen.<br \/>\nWenn Sie die Verarbeitung Ihrer personenbezogenen Daten eingeschr\u00e4nkt haben, d\u00fcrfen diese Daten \u2013 von<br \/>\nihrer Speicherung abgesehen \u2013 nur mit Ihrer Einwilligung oder zur Geltendmachung, Aus\u00fcbung oder<br \/>\nVerteidigung von Rechtsanspr\u00fcchen oder zum Schutz der Rechte einer anderen nat\u00fcrlichen oder<br \/>\njuristischen Person oder aus Gr\u00fcnden eines wichtigen \u00f6ffentlichen Interesses der Europ\u00e4ischen Union oder<br \/>\neines Mitgliedstaats verarbeitet werden.<br \/>\n4. Datenerfassung auf dieser Website<br \/>\nCookies<br \/>\nUnsere Internetseiten verwenden so genannte \u201eCookies\u201c. Cookies sind kleine Datenpakete und richten auf<br \/>\nIhrem Endger\u00e4t keinen Schaden an. Sie werden entweder vor\u00fcbergehend f\u00fcr die Dauer einer Sitzung<br \/>\n(Session-Cookies) oder dauerhaft (permanente Cookies) auf Ihrem Endger\u00e4t gespeichert. Session-Cookies<br \/>\nwerden nach Ende Ihres Besuchs automatisch gel\u00f6scht. Permanente Cookies bleiben auf Ihrem Endger\u00e4t<br \/>\ngespeichert, bis Sie diese selbst l\u00f6schen oder eine automatische L\u00f6schung durch Ihren Webbrowser erfolgt.<br \/>\nCookies k\u00f6nnen von uns (First-Party-Cookies) oder von Drittunternehmen stammen (sog. Third-Party-<br \/>\nCookies). Third-Party-Cookies erm\u00f6glichen die Einbindung bestimmter Dienstleistungen von<br \/>\nDrittunternehmen innerhalb von Webseiten (z. B. Cookies zur Abwicklung von Zahlungsdienstleistungen).<br \/>\nCookies haben verschiedene Funktionen. Zahlreiche Cookies sind technisch notwendig, da bestimmte<br \/>\nWebseitenfunktionen ohne diese nicht funktionieren w\u00fcrden (z. B. die Warenkorbfunktion oder die Anzeige<br \/>\nvon Videos). Andere Cookies k\u00f6nnen zur Auswertung des Nutzerverhaltens oder zu Werbezwecken<br \/>\nverwendet werden.<br \/>\nCookies, die zur Durchf\u00fchrung des elektronischen Kommunikationsvorgangs, zur Bereitstellung<br \/>\nbestimmter, von Ihnen erw\u00fcnschter Funktionen (z. B. f\u00fcr die Warenkorbfunktion) oder zur Optimierung der<br \/>\nWebsite (z. B. Cookies zur Messung des Webpublikums) erforderlich sind (notwendige Cookies), werden auf<br \/>\nGrundlage von Art. 6 Abs. 1 lit. f DSGVO gespeichert, sofern keine andere Rechtsgrundlage angegeben wird.<br \/>\nDer Websitebetreiber hat ein berechtigtes Interesse an der Speicherung von notwendigen Cookies zur<br \/>\ntechnisch fehlerfreien und optimierten Bereitstellung seiner Dienste. Sofern eine Einwilligung zur<br \/>\nSpeicherung von Cookies und vergleichbaren Wiedererkennungstechnologien abgefragt wurde, erfolgt die<br \/>\nVerarbeitung ausschlie\u00dflich auf Grundlage dieser Einwilligung (Art. 6 Abs. 1 lit. a DSGVO und \u00a7 25 Abs. 1<br \/>\nTDDDG); die Einwilligung ist jederzeit widerrufbar.<br \/>\nSie k\u00f6nnen Ihren Browser so einstellen, dass Sie \u00fcber das Setzen von Cookies informiert werden und<br \/>\nCookies nur im Einzelfall erlauben, die Annahme von Cookies f\u00fcr bestimmte F\u00e4lle oder generell ausschlie\u00dfen<br \/>\nsowie das automatische L\u00f6schen der Cookies beim Schlie\u00dfen des Browsers aktivieren. Bei der<br \/>\nDeaktivierung von Cookies kann die Funktionalit\u00e4t dieser Website eingeschr\u00e4nkt sein.<br \/>\nWelche Cookies und Dienste auf dieser Website eingesetzt werden, k\u00f6nnen Sie dieser<br \/>\nDatenschutzerkl\u00e4rung entnehmen.<br \/>\nQuelle:<br \/>\nhttps:\/\/www.e-recht24.de<\/p>\n","protected":false},"excerpt":{"rendered":"<p>Datenschutzerkl\u00e4rung 1. Datenschutz auf einen Blick Allgemeine Hinweise Die folgenden Hinweise geben einen einfachen \u00dcberblick dar\u00fcber, was mit Ihren personenbezogenen Daten passiert, wenn Sie diese Website besuchen. Personenbezogene Daten sind &#8230; <a title=\"Datenschutzerkl\u00e4rung\" class=\"read-more\" href=\"https:\/\/feuerwehr-wesseling.de\/?page_id=3656\" aria-label=\"Mehr Informationen \u00fcber Datenschutzerkl\u00e4rung\">Weiterlesen<\/a><\/p>\n","protected":false},"author":39,"featured_media":0,"parent":0,"menu_order":0,"comment_status":"closed","ping_status":"closed","template":"","meta":{"_price":"","_stock":"","_tribe_ticket_header":"","_tribe_default_ticket_provider":"","_ticket_start_date":"","_ticket_end_date":"","_tribe_ticket_show_description":"","_tribe_ticket_show_not_going":false,"_tribe_ticket_use_global_stock":"","_tribe_ticket_global_stock_level":"","_global_stock_mode":"","_global_stock_cap":"","_tribe_rsvp_for_event":"","_tribe_ticket_going_count":"","_tribe_ticket_not_going_count":"","_tribe_tickets_list":"[]","_tribe_ticket_has_attendee_info_fields":false,"footnotes":"","_tec_slr_enabled":"","_tec_slr_layout":""},"categories":[],"tags":[],"class_list":["post-3656","page","type-page","status-publish"],"ticketed":false,"_links":{"self":[{"href":"https:\/\/feuerwehr-wesseling.de\/index.php?rest_route=\/wp\/v2\/pages\/3656","targetHints":{"allow":["GET"]}}],"collection":[{"href":"https:\/\/feuerwehr-wesseling.de\/index.php?rest_route=\/wp\/v2\/pages"}],"about":[{"href":"https:\/\/feuerwehr-wesseling.de\/index.php?rest_route=\/wp\/v2\/types\/page"}],"author":[{"embeddable":true,"href":"https:\/\/feuerwehr-wesseling.de\/index.php?rest_route=\/wp\/v2\/users\/39"}],"replies":[{"embeddable":true,"href":"https:\/\/feuerwehr-wesseling.de\/index.php?rest_route=%2Fwp%2Fv2%2Fcomments&post=3656"}],"version-history":[{"count":1,"href":"https:\/\/feuerwehr-wesseling.de\/index.php?rest_route=\/wp\/v2\/pages\/3656\/revisions"}],"predecessor-version":[{"id":3657,"href":"https:\/\/feuerwehr-wesseling.de\/index.php?rest_route=\/wp\/v2\/pages\/3656\/revisions\/3657"}],"wp:attachment":[{"href":"https:\/\/feuerwehr-wesseling.de\/index.php?rest_route=%2Fwp%2Fv2%2Fmedia&parent=3656"}],"wp:term":[{"taxonomy":"category","embeddable":true,"href":"https:\/\/feuerwehr-wesseling.de\/index.php?rest_route=%2Fwp%2Fv2%2Fcategories&post=3656"},{"taxonomy":"post_tag","embeddable":true,"href":"https:\/\/feuerwehr-wesseling.de\/index.php?rest_route=%2Fwp%2Fv2%2Ftags&post=3656"}],"curies":[{"name":"wp","href":"https:\/\/api.w.org\/{rel}","templated":true}]}}